{"id":288,"date":"2025-09-01T14:07:37","date_gmt":"2025-09-01T14:07:37","guid":{"rendered":"https:\/\/datenflug.de\/index.php\/peregrine\/"},"modified":"2026-04-13T16:17:15","modified_gmt":"2026-04-13T16:17:15","slug":"peregrine","status":"publish","type":"page","link":"https:\/\/datenflug.de\/","title":{"rendered":"DATENFLUG"},"content":{"rendered":"\n<h5 class=\"wp-block-heading\">Analyse, Modellierung, Simulation, Optimierung und Planung<\/h5>\n\n\n\n<div class=\"wp-block-columns is-layout-flex wp-container-core-columns-is-layout-28f84493 wp-block-columns-is-layout-flex\">\n<div class=\"wp-block-column is-layout-flow wp-block-column-is-layout-flow\">\n<figure class=\"wp-block-image alignleft size-full is-resized\"><img loading=\"lazy\" decoding=\"async\" width=\"720\" height=\"798\" src=\"https:\/\/datenflug.de\/wp-content\/uploads\/2025\/08\/image53.jpg\" alt=\"\" class=\"wp-image-218\" style=\"aspect-ratio:0.902264426588751;width:500px\" srcset=\"https:\/\/datenflug.de\/wp-content\/uploads\/2025\/08\/image53.jpg 720w, https:\/\/datenflug.de\/wp-content\/uploads\/2025\/08\/image53-271x300.jpg 271w\" sizes=\"auto, (max-width: 720px) 100vw, 720px\" \/><\/figure>\n<\/div>\n<\/div>\n\n\n\n<hr class=\"wp-block-separator has-alpha-channel-opacity is-style-wide\"\/>\n\n\n\n<p><strong style=\"font-size: 1.5em;\">Unsere Leistungen<\/strong><\/p>\n\n\n\n<p><strong>Mathematische Modelierung<\/strong><br>Expertise f\u00fcr numerische L\u00f6sungen gekoppelter partieller Differenzialgleichungen in der technischen Planung und Analyse komplexer physikalischer Systeme.<\/p>\n\n\n\n<p><strong>Str\u00f6mungssimulation (CFD) und Visualisierung<\/strong><br>Wir simulieren Luft-, Gas- oder Fl\u00fcssigkeitsstr\u00f6mungen f\u00fcr R\u00e4ume mit hohen Anforderungen bez\u00fcglich Reinheit, Temperatur und Feuchte.<\/p>\n\n\n\n<p><strong>Planung und Optimierung zu den Themen Energie, Wasser und K\u00fchlung<br><\/strong>Dabei ber\u00fccksichtigen wir die Abh\u00e4ngigkeiten von der Geokoordinate des Standortes einer Anlage.<\/p>\n\n\n\n<hr class=\"wp-block-separator has-alpha-channel-opacity is-style-wide\"\/>\n\n\n\n<p><strong><strong><strong style=\"font-size: 1.5em;\">Branchen<\/strong><\/strong><\/strong><\/p>\n\n\n\n<p>Unsere L\u00f6sungen kommen in der Chip- und Batterieproduktion sowie der&nbsp; Pharmaindustrie zum Einsatz, ebenso wie in der Ausstattung spezieller R\u00e4ume mit hohen Anforderungen wie z.B. in Museen, Labor- und Forschungsgeb\u00e4uden.<\/p>\n\n\n\n<p>Dabei sind wir in der Lage, hohe Anforderungen an Reinheit, Temperatur, Feuchte sowie gef\u00fchrte Str\u00f6mungsdynamiken zu ber\u00fccksichtigen.<\/p>\n\n\n\n<hr class=\"wp-block-separator has-alpha-channel-opacity is-style-wide\"\/>\n\n\n\n<p><strong><strong style=\"font-size: 1.5em;\">Technologie<\/strong><\/strong><\/p>\n\n\n\n<p>Wir setzen auf moderne Computeralgebra-Systeme (Mathematica) zur mathematischen Modellierung, Simulation und Optimierung. Dies erlaubt sehr schnelles Prototyping.<\/p>\n\n\n\n<hr class=\"wp-block-separator has-alpha-channel-opacity is-style-wide\"\/>\n\n\n\n<p><strong><strong><strong style=\"font-size: 1.5em;\">\u00dcber uns <\/strong><\/strong><\/strong><\/p>\n\n\n\n<p>Datenflug ist ein interdisziplin\u00e4res Team aus Physikern, Mathematikern, Architekten und Softwareentwicklern mit Sitz in Berlin.<br><br><strong>Die Gr\u00fcnder sind:<\/strong><\/p>\n\n\n\n<div class=\"wp-block-columns is-layout-flex wp-container-core-columns-is-layout-28f84493 wp-block-columns-is-layout-flex\">\n<div class=\"wp-block-column is-layout-flow wp-block-column-is-layout-flow\">\n<figure class=\"wp-block-image size-full is-resized\"><img loading=\"lazy\" decoding=\"async\" width=\"280\" height=\"380\" src=\"https:\/\/datenflug.de\/wp-content\/uploads\/2025\/11\/image.png\" alt=\"\" class=\"wp-image-440\" style=\"width:203px;height:auto\" srcset=\"https:\/\/datenflug.de\/wp-content\/uploads\/2025\/11\/image.png 280w, https:\/\/datenflug.de\/wp-content\/uploads\/2025\/11\/image-221x300.png 221w\" sizes=\"auto, (max-width: 280px) 100vw, 280px\" \/><\/figure>\n\n\n\n<p><strong>Dipl.-Ing. Rolf Kretschmer: <\/strong><br>Experte f\u00fcr Architektur und Ingenieurwesen mit Schwerpunkt auf nachhaltigem Design und energieeffizienten Systemen.<\/p>\n<\/div>\n<\/div>\n\n\n\n<figure class=\"wp-block-image size-full is-resized\"><img loading=\"lazy\" decoding=\"async\" width=\"288\" height=\"380\" src=\"https:\/\/datenflug.de\/wp-content\/uploads\/2025\/11\/image-1.png\" alt=\"\" class=\"wp-image-441\" style=\"width:212px;height:auto\" srcset=\"https:\/\/datenflug.de\/wp-content\/uploads\/2025\/11\/image-1.png 288w, https:\/\/datenflug.de\/wp-content\/uploads\/2025\/11\/image-1-227x300.png 227w\" sizes=\"auto, (max-width: 288px) 100vw, 288px\" \/><\/figure>\n\n\n\n<div class=\"wp-block-columns is-layout-flex wp-container-core-columns-is-layout-28f84493 wp-block-columns-is-layout-flex\">\n<div class=\"wp-block-column is-layout-flow wp-block-column-is-layout-flow\">\n<p><strong>Prof. Dr. Frank Brand:<\/strong> <br>Renommierter Professor mit umfassender Expertise in technischer Optimierung und nachhaltigen ingenieurwissenschaftlichen Systemen.<\/p>\n<\/div>\n<\/div>\n\n\n\n<hr class=\"wp-block-separator has-alpha-channel-opacity is-style-wide\"\/>\n\n\n\n<p><strong style=\"font-size: 1.5em;\">Kontakt<\/strong><\/p>\n\n\n\n<p>Datenflug GmbH<br>Zionskirchstra\u00dfe 1<br>10119 Berlin<br>Germany<br><br>Mail: <a style=\"color:black;\" href=\"mailto:info@datenflug.de\">info@datenflug.de<\/a><br>Phone: +49 173 3053257<br><\/p>\n\n\n\n<hr class=\"wp-block-separator has-alpha-channel-opacity is-style-wide\"\/>\n\n\n\n<p><strong style=\"font-size: 1.5em;\">Beispiele f\u00fcr unsere Berechnungen und Analyse<\/strong><\/p>\n\n\n\n<figure class=\"wp-block-image alignleft size-full is-resized\"><img loading=\"lazy\" decoding=\"async\" width=\"800\" height=\"600\" src=\"https:\/\/datenflug.de\/wp-content\/uploads\/2025\/12\/flow-edited.jpg\" alt=\"\" class=\"wp-image-617\" style=\"aspect-ratio:1.5133601324190116;object-fit:cover;width:500px\" srcset=\"https:\/\/datenflug.de\/wp-content\/uploads\/2025\/12\/flow-edited.jpg 800w, https:\/\/datenflug.de\/wp-content\/uploads\/2025\/12\/flow-edited-300x225.jpg 300w, https:\/\/datenflug.de\/wp-content\/uploads\/2025\/12\/flow-edited-768x576.jpg 768w\" sizes=\"auto, (max-width: 800px) 100vw, 800px\" \/><\/figure>\n\n\n\n<p class=\"has-text-align-left\">Visualisierung der Str\u00f6mung von oben nach unten mit Darstellung der Geschwindigkeiten und Dr\u00fccke an verschiedenen Punkten.<\/p>\n\n\n\n<hr class=\"wp-block-separator has-alpha-channel-opacity is-style-wide\"\/>\n\n\n\n<figure class=\"wp-block-image alignleft size-full is-resized\"><img loading=\"lazy\" decoding=\"async\" width=\"864\" height=\"648\" src=\"https:\/\/datenflug.de\/wp-content\/uploads\/2025\/12\/image22-edited.png\" alt=\"\" class=\"wp-image-568\" style=\"width:500px\" srcset=\"https:\/\/datenflug.de\/wp-content\/uploads\/2025\/12\/image22-edited.png 864w, https:\/\/datenflug.de\/wp-content\/uploads\/2025\/12\/image22-edited-300x225.png 300w, https:\/\/datenflug.de\/wp-content\/uploads\/2025\/12\/image22-edited-768x576.png 768w\" sizes=\"auto, (max-width: 864px) 100vw, 864px\" \/><\/figure>\n\n\n\n<p>Str\u00f6mungsfluss um innere Hindernisse in einem Volumen mit Str\u00f6mung von links nach rechts durch zylindrische R\u00f6hren.<\/p>\n\n\n\n<hr class=\"wp-block-separator has-alpha-channel-opacity is-style-wide\"\/>\n\n\n\n<figure class=\"wp-block-image alignleft size-full is-resized\"><img loading=\"lazy\" decoding=\"async\" width=\"360\" height=\"300\" src=\"https:\/\/datenflug.de\/wp-content\/uploads\/2025\/08\/image2-e1756825553764.png\" alt=\"\" class=\"wp-image-261\" style=\"width:500px\"\/><\/figure>\n\n\n\n<p>Fl\u00e4chen gleichen Druckes (Isobare) in einem Volumen mit inneren Hindernissen \/ Lufteintritt links, Luftaustritt rechts durch zylindrische R\u00f6hren.<\/p>\n\n\n\n<hr class=\"wp-block-separator has-alpha-channel-opacity is-style-wide\"\/>\n\n\n\n<figure class=\"wp-block-image alignleft size-full is-resized\"><img loading=\"lazy\" decoding=\"async\" width=\"720\" height=\"720\" src=\"https:\/\/datenflug.de\/wp-content\/uploads\/2025\/12\/image54-edited.jpg\" alt=\"Isobare - Datenflug GmbH\" class=\"wp-image-569\" style=\"width:500px\" srcset=\"https:\/\/datenflug.de\/wp-content\/uploads\/2025\/12\/image54-edited.jpg 720w, https:\/\/datenflug.de\/wp-content\/uploads\/2025\/12\/image54-edited-300x300.jpg 300w, https:\/\/datenflug.de\/wp-content\/uploads\/2025\/12\/image54-edited-150x150.jpg 150w\" sizes=\"auto, (max-width: 720px) 100vw, 720px\" \/><\/figure>\n\n\n\n<p>Fl\u00e4chen gleichen Druckes (Isobare) in einem Volumen mit inneren Hindernissen \/ Lufteintritt sowohl von links als auch von oben mit gleicher Intensit\u00e4t \u00fcber die beiden Fl\u00e4chen des W\u00fcrfels, Luftaustritt \u00fcber rechte und untere Fl\u00e4che.<\/p>\n\n\n\n<hr class=\"wp-block-separator has-alpha-channel-opacity is-style-wide\"\/>\n\n\n\n<figure class=\"wp-block-image alignleft size-full is-resized\"><img loading=\"lazy\" decoding=\"async\" width=\"360\" height=\"240\" src=\"https:\/\/datenflug.de\/wp-content\/uploads\/2025\/12\/Umstroemung-edited.png\" alt=\"\" class=\"wp-image-575\" style=\"width:500px\" srcset=\"https:\/\/datenflug.de\/wp-content\/uploads\/2025\/12\/Umstroemung-edited.png 360w, https:\/\/datenflug.de\/wp-content\/uploads\/2025\/12\/Umstroemung-edited-300x200.png 300w\" sizes=\"auto, (max-width: 360px) 100vw, 360px\" \/><\/figure>\n\n\n\n<p>Visualisierung der Umstr\u00f6mung von inneren Hindernissen in verschiedenen Schichten in z-Richtung.<\/p>\n\n\n\n<hr class=\"wp-block-separator has-alpha-channel-opacity is-style-wide\"\/>\n\n\n\n<figure class=\"wp-block-image alignleft size-full is-resized\"><img loading=\"lazy\" decoding=\"async\" width=\"720\" height=\"798\" src=\"https:\/\/datenflug.de\/wp-content\/uploads\/2025\/08\/image53.jpg\" alt=\"Umstr\u00f6mung\" class=\"wp-image-218\" style=\"width:500px\" srcset=\"https:\/\/datenflug.de\/wp-content\/uploads\/2025\/08\/image53.jpg 720w, https:\/\/datenflug.de\/wp-content\/uploads\/2025\/08\/image53-271x300.jpg 271w\" sizes=\"auto, (max-width: 720px) 100vw, 720px\" \/><\/figure>\n\n\n\n<p>Visualisierung der Umstr\u00f6mung von inneren Hindernissen in verschiedenen Schichten<br>in x-, y, und z-Richtung.<\/p>\n\n\n\n<hr class=\"wp-block-separator has-alpha-channel-opacity is-style-wide\"\/>\n\n\n\n<figure class=\"wp-block-image alignleft size-full is-resized\"><img loading=\"lazy\" decoding=\"async\" width=\"368\" height=\"296\" src=\"https:\/\/datenflug.de\/wp-content\/uploads\/2025\/12\/Umstroemung2D.png\" alt=\"\" class=\"wp-image-580\" style=\"width:500px\" srcset=\"https:\/\/datenflug.de\/wp-content\/uploads\/2025\/12\/Umstroemung2D.png 368w, https:\/\/datenflug.de\/wp-content\/uploads\/2025\/12\/Umstroemung2D-300x241.png 300w\" sizes=\"auto, (max-width: 368px) 100vw, 368px\" \/><\/figure>\n\n\n\n<p>Visualisierung der Umstr\u00f6mung von inneren Hindernissen mit Darstellung der<br>Geschwindigkeiten an verschiedenen Punkten.<\/p>\n\n\n\n<hr class=\"wp-block-separator has-alpha-channel-opacity is-style-wide\"\/>\n\n\n\n<p><\/p>\n","protected":false},"excerpt":{"rendered":"<p>Analyse, Modellierung, Simulation, Optimierung und Planung Unsere Leistungen Mathematische ModelierungExpertise f\u00fcr numerische L\u00f6sungen gekoppelter partieller Differenzialgleichungen in der technischen Planung und Analyse komplexer physikalischer Systeme. Str\u00f6mungssimulation (CFD) und VisualisierungWir simulieren Luft-, Gas- oder Fl\u00fcssigkeitsstr\u00f6mungen f\u00fcr R\u00e4ume mit hohen Anforderungen bez\u00fcglich Reinheit, Temperatur und Feuchte. Planung und Optimierung zu den Themen Energie, Wasser und K\u00fchlungDabei ber\u00fccksichtigen [&hellip;]<\/p>\n","protected":false},"author":1,"featured_media":0,"parent":0,"menu_order":0,"comment_status":"closed","ping_status":"closed","template":"","meta":{"footnotes":""},"class_list":["post-288","page","type-page","status-publish","hentry"],"blocksy_meta":[],"yoast_head":"<!-- This site is optimized with the Yoast SEO plugin v26.5 - https:\/\/yoast.com\/wordpress\/plugins\/seo\/ -->\n<title>DATENFLUG -<\/title>\n<meta name=\"robots\" content=\"index, follow, max-snippet:-1, max-image-preview:large, max-video-preview:-1\" \/>\n<link rel=\"canonical\" href=\"https:\/\/datenflug.de\/\" \/>\n<meta property=\"og:locale\" content=\"de_DE\" \/>\n<meta property=\"og:type\" content=\"article\" \/>\n<meta property=\"og:title\" content=\"DATENFLUG -\" \/>\n<meta property=\"og:description\" content=\"Analyse, Modellierung, Simulation, Optimierung und Planung Unsere Leistungen Mathematische ModelierungExpertise f\u00fcr numerische L\u00f6sungen gekoppelter partieller Differenzialgleichungen in der technischen Planung und Analyse komplexer physikalischer Systeme. Str\u00f6mungssimulation (CFD) und VisualisierungWir simulieren Luft-, Gas- oder Fl\u00fcssigkeitsstr\u00f6mungen f\u00fcr R\u00e4ume mit hohen Anforderungen bez\u00fcglich Reinheit, Temperatur und Feuchte. Planung und Optimierung zu den Themen Energie, Wasser und K\u00fchlungDabei ber\u00fccksichtigen [&hellip;]\" \/>\n<meta property=\"og:url\" content=\"https:\/\/datenflug.de\/\" \/>\n<meta property=\"article:modified_time\" content=\"2026-04-13T16:17:15+00:00\" \/>\n<meta property=\"og:image\" content=\"https:\/\/datenflug.de\/wp-content\/uploads\/2025\/08\/image53.jpg\" \/>\n\t<meta property=\"og:image:width\" content=\"720\" \/>\n\t<meta property=\"og:image:height\" content=\"798\" \/>\n\t<meta property=\"og:image:type\" content=\"image\/jpeg\" \/>\n<meta name=\"twitter:card\" content=\"summary_large_image\" \/>\n<meta name=\"twitter:label1\" content=\"Gesch\u00e4tzte Lesezeit\" \/>\n\t<meta name=\"twitter:data1\" content=\"4\u00a0Minuten\" \/>\n<script type=\"application\/ld+json\" class=\"yoast-schema-graph\">{\"@context\":\"https:\/\/schema.org\",\"@graph\":[{\"@type\":\"WebPage\",\"@id\":\"https:\/\/datenflug.de\/\",\"url\":\"https:\/\/datenflug.de\/\",\"name\":\"DATENFLUG -\",\"isPartOf\":{\"@id\":\"https:\/\/datenflug.de\/#website\"},\"primaryImageOfPage\":{\"@id\":\"https:\/\/datenflug.de\/#primaryimage\"},\"image\":{\"@id\":\"https:\/\/datenflug.de\/#primaryimage\"},\"thumbnailUrl\":\"https:\/\/datenflug.de\/wp-content\/uploads\/2025\/08\/image53.jpg\",\"datePublished\":\"2025-09-01T14:07:37+00:00\",\"dateModified\":\"2026-04-13T16:17:15+00:00\",\"breadcrumb\":{\"@id\":\"https:\/\/datenflug.de\/#breadcrumb\"},\"inLanguage\":\"de\",\"potentialAction\":[{\"@type\":\"ReadAction\",\"target\":[\"https:\/\/datenflug.de\/\"]}]},{\"@type\":\"ImageObject\",\"inLanguage\":\"de\",\"@id\":\"https:\/\/datenflug.de\/#primaryimage\",\"url\":\"https:\/\/datenflug.de\/wp-content\/uploads\/2025\/08\/image53.jpg\",\"contentUrl\":\"https:\/\/datenflug.de\/wp-content\/uploads\/2025\/08\/image53.jpg\",\"width\":720,\"height\":798,\"caption\":\"Visualisierung der Umstr\u00f6mung von inneren Hindernissen in verschiedenen Schichten in x-, y, und z-Richtung\"},{\"@type\":\"BreadcrumbList\",\"@id\":\"https:\/\/datenflug.de\/#breadcrumb\",\"itemListElement\":[{\"@type\":\"ListItem\",\"position\":1,\"name\":\"Home\",\"item\":\"https:\/\/datenflug.de\/\"},{\"@type\":\"ListItem\",\"position\":2,\"name\":\"DATENFLUG\"}]},{\"@type\":\"WebSite\",\"@id\":\"https:\/\/datenflug.de\/#website\",\"url\":\"https:\/\/datenflug.de\/\",\"name\":\"\",\"description\":\"\",\"potentialAction\":[{\"@type\":\"SearchAction\",\"target\":{\"@type\":\"EntryPoint\",\"urlTemplate\":\"https:\/\/datenflug.de\/?s={search_term_string}\"},\"query-input\":{\"@type\":\"PropertyValueSpecification\",\"valueRequired\":true,\"valueName\":\"search_term_string\"}}],\"inLanguage\":\"de\"}]}<\/script>\n<!-- \/ Yoast SEO plugin. -->","yoast_head_json":{"title":"DATENFLUG -","robots":{"index":"index","follow":"follow","max-snippet":"max-snippet:-1","max-image-preview":"max-image-preview:large","max-video-preview":"max-video-preview:-1"},"canonical":"https:\/\/datenflug.de\/","og_locale":"de_DE","og_type":"article","og_title":"DATENFLUG -","og_description":"Analyse, Modellierung, Simulation, Optimierung und Planung Unsere Leistungen Mathematische ModelierungExpertise f\u00fcr numerische L\u00f6sungen gekoppelter partieller Differenzialgleichungen in der technischen Planung und Analyse komplexer physikalischer Systeme. Str\u00f6mungssimulation (CFD) und VisualisierungWir simulieren Luft-, Gas- oder Fl\u00fcssigkeitsstr\u00f6mungen f\u00fcr R\u00e4ume mit hohen Anforderungen bez\u00fcglich Reinheit, Temperatur und Feuchte. Planung und Optimierung zu den Themen Energie, Wasser und K\u00fchlungDabei ber\u00fccksichtigen [&hellip;]","og_url":"https:\/\/datenflug.de\/","article_modified_time":"2026-04-13T16:17:15+00:00","og_image":[{"width":720,"height":798,"url":"https:\/\/datenflug.de\/wp-content\/uploads\/2025\/08\/image53.jpg","type":"image\/jpeg"}],"twitter_card":"summary_large_image","twitter_misc":{"Gesch\u00e4tzte Lesezeit":"4\u00a0Minuten"},"schema":{"@context":"https:\/\/schema.org","@graph":[{"@type":"WebPage","@id":"https:\/\/datenflug.de\/","url":"https:\/\/datenflug.de\/","name":"DATENFLUG -","isPartOf":{"@id":"https:\/\/datenflug.de\/#website"},"primaryImageOfPage":{"@id":"https:\/\/datenflug.de\/#primaryimage"},"image":{"@id":"https:\/\/datenflug.de\/#primaryimage"},"thumbnailUrl":"https:\/\/datenflug.de\/wp-content\/uploads\/2025\/08\/image53.jpg","datePublished":"2025-09-01T14:07:37+00:00","dateModified":"2026-04-13T16:17:15+00:00","breadcrumb":{"@id":"https:\/\/datenflug.de\/#breadcrumb"},"inLanguage":"de","potentialAction":[{"@type":"ReadAction","target":["https:\/\/datenflug.de\/"]}]},{"@type":"ImageObject","inLanguage":"de","@id":"https:\/\/datenflug.de\/#primaryimage","url":"https:\/\/datenflug.de\/wp-content\/uploads\/2025\/08\/image53.jpg","contentUrl":"https:\/\/datenflug.de\/wp-content\/uploads\/2025\/08\/image53.jpg","width":720,"height":798,"caption":"Visualisierung der Umstr\u00f6mung von inneren Hindernissen in verschiedenen Schichten in x-, y, und z-Richtung"},{"@type":"BreadcrumbList","@id":"https:\/\/datenflug.de\/#breadcrumb","itemListElement":[{"@type":"ListItem","position":1,"name":"Home","item":"https:\/\/datenflug.de\/"},{"@type":"ListItem","position":2,"name":"DATENFLUG"}]},{"@type":"WebSite","@id":"https:\/\/datenflug.de\/#website","url":"https:\/\/datenflug.de\/","name":"","description":"","potentialAction":[{"@type":"SearchAction","target":{"@type":"EntryPoint","urlTemplate":"https:\/\/datenflug.de\/?s={search_term_string}"},"query-input":{"@type":"PropertyValueSpecification","valueRequired":true,"valueName":"search_term_string"}}],"inLanguage":"de"}]}},"_links":{"self":[{"href":"https:\/\/datenflug.de\/index.php\/wp-json\/wp\/v2\/pages\/288","targetHints":{"allow":["GET"]}}],"collection":[{"href":"https:\/\/datenflug.de\/index.php\/wp-json\/wp\/v2\/pages"}],"about":[{"href":"https:\/\/datenflug.de\/index.php\/wp-json\/wp\/v2\/types\/page"}],"author":[{"embeddable":true,"href":"https:\/\/datenflug.de\/index.php\/wp-json\/wp\/v2\/users\/1"}],"replies":[{"embeddable":true,"href":"https:\/\/datenflug.de\/index.php\/wp-json\/wp\/v2\/comments?post=288"}],"version-history":[{"count":65,"href":"https:\/\/datenflug.de\/index.php\/wp-json\/wp\/v2\/pages\/288\/revisions"}],"predecessor-version":[{"id":628,"href":"https:\/\/datenflug.de\/index.php\/wp-json\/wp\/v2\/pages\/288\/revisions\/628"}],"wp:attachment":[{"href":"https:\/\/datenflug.de\/index.php\/wp-json\/wp\/v2\/media?parent=288"}],"curies":[{"name":"wp","href":"https:\/\/api.w.org\/{rel}","templated":true}]}}